{"id":815,"date":"2022-05-19T12:27:42","date_gmt":"2022-05-19T10:27:42","guid":{"rendered":"https:\/\/positivetransformation.world\/?page_id=815"},"modified":"2024-05-13T16:35:58","modified_gmt":"2024-05-13T14:35:58","slug":"mentions-legales","status":"publish","type":"page","link":"https:\/\/positivetransformation.world\/index.php\/mentions-legales\/","title":{"rendered":"Mentions l\u00e9gales"},"content":{"rendered":"\n<p class=\"has-black-color has-text-color\" style=\"font-size:19px\"><strong>Mentions l\u00e9gales : Positive Transformation .World<\/strong><\/p>\n\n\n\n<p class=\"has-black-color has-text-color\">En vigueur au 01\/01\/2024<\/p>\n\n\n\n<p class=\"has-black-color has-text-color\">Conform\u00e9ment aux dispositions des Articles 6-III et 19 de la Loi n\u00b02004-575 du 21 juin 2004 pour la Confiance dans l\u2019\u00e9conomie num\u00e9rique, dite L.C.E.N., il est port\u00e9 \u00e0 la connaissance des utilisateurs et visiteurs, ci-apr\u00e8s l&rsquo;UTILISATEUR, du site https:\/\/positivetransformation.world\/ , ci-apr\u00e8s le SITE, les pr\u00e9sentes mentions l\u00e9gales.<\/p>\n\n\n\n<p class=\"has-black-color has-text-color\">La connexion et la navigation sur le Site par l\u2019Utilisateur implique acceptation int\u00e9grale et sans r\u00e9serve des pr\u00e9sentes mentions l\u00e9gales.<\/p>\n\n\n\n<p class=\"has-black-color has-text-color\">Ces derni\u00e8res sont accessibles sur le Site \u00e0 la rubrique \u00ab\u00a0Mentions l\u00e9gales\u00a0\u00bb.<\/p>\n\n\n\n<p class=\"has-vivid-cyan-blue-color has-text-color\"><strong>ARTICLE 1 &#8211; L&rsquo;EDITEUR<\/strong><\/p>\n\n\n\n<p class=\"has-black-color has-text-color\">L&rsquo;\u00e9dition du Site est assur\u00e9e par Didaxis Group, SAS au capital de 1 000 000,00 \u20ac, immatricul\u00e9e au Registre du Commerce et des Soci\u00e9t\u00e9s (RCS) de Versailles sous le num\u00e9ro 480 643 139 dont le si\u00e8ge social est situ\u00e9 au 2 Place de Touraine, 78000 Versailles, N\u00b0 de TVA intracommunautaire : FR 82 480 643 139 &#8211; 8299Z.<br>Cette Soci\u00e9t\u00e9 porte la structure Positive Transformation .World (ci-apr\u00e8s \u00e9voqu\u00e9e) dans son activit\u00e9.<br>Num\u00e9ro de t\u00e9l\u00e9phone : 01 85 73 19 98.<br>Adresse e-mail : marc.bosvieux@positivetransformation.world<br>Le Directeur de la publication est Marc Bosvieux, ci-apr\u00e8s l&rsquo;EDITEUR.<\/p>\n\n\n\n<p class=\"has-black-color has-text-color\">Cette derni\u00e8re propose les services suivants : Prestation de conseils D\u00e9veloppement Durable &amp; RSE.<\/p>\n\n\n\n<p class=\"has-vivid-cyan-blue-color has-text-color\"><strong>ARTICLE 2 &#8211; L&rsquo;HEBERGEUR<\/strong><\/p>\n\n\n\n<p class=\"has-black-color has-text-color\">L&rsquo;h\u00e9bergeur du Site est la soci\u00e9t\u00e9 OVH Cloud, dont le si\u00e8ge social est situ\u00e9 au 2 rue Kellerman, BP 80157, Roubaix (59053 Cedex 1).<br>Cette Soci\u00e9t\u00e9 h\u00e9berge la structure Positive Transformation .World (ci-apr\u00e8s \u00e9voqu\u00e9e) dans son activit\u00e9.                 Num\u00e9ro de t\u00e9l\u00e9phone : 01 85 73 19 98.<br>Adresse e-mail : marc.bosvieux@positivetransformation.world<\/p>\n\n\n\n<p class=\"has-vivid-cyan-blue-color has-text-color\"><strong>ARTICLE 3 &#8211; ACCES AU SITE<\/strong><\/p>\n\n\n\n<p class=\"has-black-color has-text-color\">Le Site est accessible en tout endroit, 7j\/7, 24h\/24 sauf cas de force majeure, interruption programm\u00e9e ou non et pouvant d\u00e9coulant d\u2019une n\u00e9cessit\u00e9 de maintenance.<\/p>\n\n\n\n<p class=\"has-black-color has-text-color\">En cas de modification, interruption ou suspension du Site, l&rsquo;Editeur ne saurait \u00eatre tenu responsable.<\/p>\n\n\n\n<p class=\"has-vivid-cyan-blue-color has-text-color\"><strong>ARTICLE 4 &#8211; COLLECTE DES DONNEES<\/strong><\/p>\n\n\n\n<p class=\"has-black-color has-text-color\">Le Site assure \u00e0 l&rsquo;Utilisateur une collecte et un traitement d&rsquo;informations personnelles dans le respect de la vie priv\u00e9e conform\u00e9ment \u00e0 la loi n\u00b078-17 du 6 janvier 1978 relative \u00e0 l&rsquo;informatique, aux fichiers et aux libert\u00e9s.<\/p>\n\n\n\n<p class=\"has-black-color has-text-color\">En vertu de la loi Informatique et Libert\u00e9s, en date du 6 janvier 1978, l&rsquo;Utilisateur dispose d&rsquo;un droit d&rsquo;acc\u00e8s, de rectification, de suppression et d&rsquo;opposition de ses donn\u00e9es personnelles. L&rsquo;Utilisateur exerce ce droit par mail \u00e0 l&rsquo;adresse e-mail : marc.bosvieux@positivetransformation.world<\/p>\n\n\n\n<p class=\"has-black-color has-text-color\">Toute utilisation, reproduction, diffusion, commercialisation, modification de toute ou partie du Site, sans autorisation de l\u2019Editeur est prohib\u00e9e et pourra entra\u00een\u00e9e des actions et poursuites judiciaires telles que notamment pr\u00e9vues par le Code de la propri\u00e9t\u00e9 intellectuelle et le Code civil.<\/p>\n\n\n\n<p class=\"has-black-color has-text-color\">\u2022 Pour plus d\u2019informations, se reporter aux CGU du site https:\/\/positivetransformation.world\/ accessible \u00e0 la rubrique \u00ab\u00a0CGU\u00a0\u00bb.<br>\u2022 Pour plus d\u2019informations, se reporter aux CGV du site https:\/\/positivetransformation.world\/ accessible \u00e0 la rubrique \u00ab\u00a0CGV\u00a0\u00bb.<br>\u2022 Pour plus d&rsquo;informations en mati\u00e8re de protection des donn\u00e9es \u00e0 caract\u00e8re personnel, se reporter \u00e0 la Charte en mati\u00e8re de protection des donn\u00e9es \u00e0 caract\u00e8re personnel du site https:\/\/positivetransformation.world\/ accessible \u00e0 la rubrique \u00ab\u00a0Donn\u00e9es personnelles\u00a0\u00bb.<br>\u2022 Pour plus d&rsquo;informations en mati\u00e8re de cookies, se reporter \u00e0 la Charte en mati\u00e8re de cookies du site https:\/\/positivetransformation.world\/ accessible \u00e0 la rubrique \u00ab\u00a0Cookies\u00a0\u00bb.<\/p>\n","protected":false},"excerpt":{"rendered":"<p>Mentions l\u00e9gales : Positive Transformation .World En vigueur au 01\/01\/2024 Conform\u00e9ment aux dispositions des Articles 6-III et 19 de la Loi n\u00b02004-575 du 21 juin&hellip;<\/p>\n","protected":false},"author":1,"featured_media":0,"parent":0,"menu_order":0,"comment_status":"closed","ping_status":"closed","template":"","meta":{"_themeisle_gutenberg_block_has_review":false,"footnotes":""},"class_list":["post-815","page","type-page","status-publish","hentry"],"yoast_head":"<!-- This site is optimized with the Yoast SEO plugin v27.4 - https:\/\/yoast.com\/product\/yoast-seo-wordpress\/ -->\n<title>Mentions l\u00e9gales - Positive Transformation .World<\/title>\n<meta name=\"robots\" content=\"index, follow, max-snippet:-1, max-image-preview:large, max-video-preview:-1\" \/>\n<link rel=\"canonical\" href=\"https:\/\/positivetransformation.world\/index.php\/mentions-legales\/\" \/>\n<meta property=\"og:locale\" content=\"fr_FR\" \/>\n<meta property=\"og:type\" content=\"article\" \/>\n<meta property=\"og:title\" content=\"Mentions l\u00e9gales - Positive Transformation .World\" \/>\n<meta property=\"og:description\" content=\"Mentions l\u00e9gales : Positive Transformation .World En vigueur au 01\/01\/2024 Conform\u00e9ment aux dispositions des Articles 6-III et 19 de la Loi n\u00b02004-575 du 21 juin&hellip;\" \/>\n<meta property=\"og:url\" content=\"https:\/\/positivetransformation.world\/index.php\/mentions-legales\/\" \/>\n<meta property=\"og:site_name\" content=\"Positive Transformation .World\" \/>\n<meta property=\"article:modified_time\" content=\"2024-05-13T14:35:58+00:00\" \/>\n<meta name=\"twitter:card\" content=\"summary_large_image\" \/>\n<meta name=\"twitter:label1\" content=\"Dur\u00e9e de lecture estim\u00e9e\" \/>\n\t<meta name=\"twitter:data1\" content=\"3 minutes\" \/>\n<script type=\"application\/ld+json\" class=\"yoast-schema-graph\">{\"@context\":\"https:\\\/\\\/schema.org\",\"@graph\":[{\"@type\":\"WebPage\",\"@id\":\"https:\\\/\\\/positivetransformation.world\\\/index.php\\\/mentions-legales\\\/\",\"url\":\"https:\\\/\\\/positivetransformation.world\\\/index.php\\\/mentions-legales\\\/\",\"name\":\"Mentions l\u00e9gales - Positive Transformation .World\",\"isPartOf\":{\"@id\":\"https:\\\/\\\/positivetransformation.world\\\/#website\"},\"datePublished\":\"2022-05-19T10:27:42+00:00\",\"dateModified\":\"2024-05-13T14:35:58+00:00\",\"breadcrumb\":{\"@id\":\"https:\\\/\\\/positivetransformation.world\\\/index.php\\\/mentions-legales\\\/#breadcrumb\"},\"inLanguage\":\"fr-FR\",\"potentialAction\":[{\"@type\":\"ReadAction\",\"target\":[\"https:\\\/\\\/positivetransformation.world\\\/index.php\\\/mentions-legales\\\/\"]}]},{\"@type\":\"BreadcrumbList\",\"@id\":\"https:\\\/\\\/positivetransformation.world\\\/index.php\\\/mentions-legales\\\/#breadcrumb\",\"itemListElement\":[{\"@type\":\"ListItem\",\"position\":1,\"name\":\"Home\",\"item\":\"https:\\\/\\\/positivetransformation.world\\\/\"},{\"@type\":\"ListItem\",\"position\":2,\"name\":\"Mentions l\u00e9gales\"}]},{\"@type\":\"WebSite\",\"@id\":\"https:\\\/\\\/positivetransformation.world\\\/#website\",\"url\":\"https:\\\/\\\/positivetransformation.world\\\/\",\"name\":\"Positive Transformation .World\",\"description\":\"D\u00e9veloppement durable\",\"publisher\":{\"@id\":\"https:\\\/\\\/positivetransformation.world\\\/#organization\"},\"potentialAction\":[{\"@type\":\"SearchAction\",\"target\":{\"@type\":\"EntryPoint\",\"urlTemplate\":\"https:\\\/\\\/positivetransformation.world\\\/?s={search_term_string}\"},\"query-input\":{\"@type\":\"PropertyValueSpecification\",\"valueRequired\":true,\"valueName\":\"search_term_string\"}}],\"inLanguage\":\"fr-FR\"},{\"@type\":\"Organization\",\"@id\":\"https:\\\/\\\/positivetransformation.world\\\/#organization\",\"name\":\"Positive Transformation .World\",\"url\":\"https:\\\/\\\/positivetransformation.world\\\/\",\"logo\":{\"@type\":\"ImageObject\",\"inLanguage\":\"fr-FR\",\"@id\":\"https:\\\/\\\/positivetransformation.world\\\/#\\\/schema\\\/logo\\\/image\\\/\",\"url\":\"https:\\\/\\\/positivetransformation.world\\\/wp-content\\\/uploads\\\/2022\\\/02\\\/ImageVF.png\",\"contentUrl\":\"https:\\\/\\\/positivetransformation.world\\\/wp-content\\\/uploads\\\/2022\\\/02\\\/ImageVF.png\",\"width\":170,\"height\":172,\"caption\":\"Positive Transformation .World\"},\"image\":{\"@id\":\"https:\\\/\\\/positivetransformation.world\\\/#\\\/schema\\\/logo\\\/image\\\/\"}}]}<\/script>\n<!-- \/ Yoast SEO plugin. -->","yoast_head_json":{"title":"Mentions l\u00e9gales - Positive Transformation .World","robots":{"index":"index","follow":"follow","max-snippet":"max-snippet:-1","max-image-preview":"max-image-preview:large","max-video-preview":"max-video-preview:-1"},"canonical":"https:\/\/positivetransformation.world\/index.php\/mentions-legales\/","og_locale":"fr_FR","og_type":"article","og_title":"Mentions l\u00e9gales - Positive Transformation .World","og_description":"Mentions l\u00e9gales : Positive Transformation .World En vigueur au 01\/01\/2024 Conform\u00e9ment aux dispositions des Articles 6-III et 19 de la Loi n\u00b02004-575 du 21 juin&hellip;","og_url":"https:\/\/positivetransformation.world\/index.php\/mentions-legales\/","og_site_name":"Positive Transformation .World","article_modified_time":"2024-05-13T14:35:58+00:00","twitter_card":"summary_large_image","twitter_misc":{"Dur\u00e9e de lecture estim\u00e9e":"3 minutes"},"schema":{"@context":"https:\/\/schema.org","@graph":[{"@type":"WebPage","@id":"https:\/\/positivetransformation.world\/index.php\/mentions-legales\/","url":"https:\/\/positivetransformation.world\/index.php\/mentions-legales\/","name":"Mentions l\u00e9gales - Positive Transformation .World","isPartOf":{"@id":"https:\/\/positivetransformation.world\/#website"},"datePublished":"2022-05-19T10:27:42+00:00","dateModified":"2024-05-13T14:35:58+00:00","breadcrumb":{"@id":"https:\/\/positivetransformation.world\/index.php\/mentions-legales\/#breadcrumb"},"inLanguage":"fr-FR","potentialAction":[{"@type":"ReadAction","target":["https:\/\/positivetransformation.world\/index.php\/mentions-legales\/"]}]},{"@type":"BreadcrumbList","@id":"https:\/\/positivetransformation.world\/index.php\/mentions-legales\/#breadcrumb","itemListElement":[{"@type":"ListItem","position":1,"name":"Home","item":"https:\/\/positivetransformation.world\/"},{"@type":"ListItem","position":2,"name":"Mentions l\u00e9gales"}]},{"@type":"WebSite","@id":"https:\/\/positivetransformation.world\/#website","url":"https:\/\/positivetransformation.world\/","name":"Positive Transformation .World","description":"D\u00e9veloppement durable","publisher":{"@id":"https:\/\/positivetransformation.world\/#organization"},"potentialAction":[{"@type":"SearchAction","target":{"@type":"EntryPoint","urlTemplate":"https:\/\/positivetransformation.world\/?s={search_term_string}"},"query-input":{"@type":"PropertyValueSpecification","valueRequired":true,"valueName":"search_term_string"}}],"inLanguage":"fr-FR"},{"@type":"Organization","@id":"https:\/\/positivetransformation.world\/#organization","name":"Positive Transformation .World","url":"https:\/\/positivetransformation.world\/","logo":{"@type":"ImageObject","inLanguage":"fr-FR","@id":"https:\/\/positivetransformation.world\/#\/schema\/logo\/image\/","url":"https:\/\/positivetransformation.world\/wp-content\/uploads\/2022\/02\/ImageVF.png","contentUrl":"https:\/\/positivetransformation.world\/wp-content\/uploads\/2022\/02\/ImageVF.png","width":170,"height":172,"caption":"Positive Transformation .World"},"image":{"@id":"https:\/\/positivetransformation.world\/#\/schema\/logo\/image\/"}}]}},"jetpack_sharing_enabled":true,"_links":{"self":[{"href":"https:\/\/positivetransformation.world\/index.php\/wp-json\/wp\/v2\/pages\/815","targetHints":{"allow":["GET"]}}],"collection":[{"href":"https:\/\/positivetransformation.world\/index.php\/wp-json\/wp\/v2\/pages"}],"about":[{"href":"https:\/\/positivetransformation.world\/index.php\/wp-json\/wp\/v2\/types\/page"}],"author":[{"embeddable":true,"href":"https:\/\/positivetransformation.world\/index.php\/wp-json\/wp\/v2\/users\/1"}],"replies":[{"embeddable":true,"href":"https:\/\/positivetransformation.world\/index.php\/wp-json\/wp\/v2\/comments?post=815"}],"version-history":[{"count":0,"href":"https:\/\/positivetransformation.world\/index.php\/wp-json\/wp\/v2\/pages\/815\/revisions"}],"wp:attachment":[{"href":"https:\/\/positivetransformation.world\/index.php\/wp-json\/wp\/v2\/media?parent=815"}],"curies":[{"name":"wp","href":"https:\/\/api.w.org\/{rel}","templated":true}]}}