{"id":2607,"date":"2023-11-23T09:45:52","date_gmt":"2023-11-23T08:45:52","guid":{"rendered":"https:\/\/positivetransformation.world\/?page_id=2607"},"modified":"2026-04-28T11:00:06","modified_gmt":"2026-04-28T09:00:06","slug":"projets-de-transformation","status":"publish","type":"page","link":"https:\/\/positivetransformation.world\/index.php\/projets-de-transformation\/","title":{"rendered":"Projets de transformation"},"content":{"rendered":"\n<p class=\"has-medium-font-size\"><strong><mark style=\"background-color:#0693e3\" class=\"has-inline-color has-white-color\">PROJETS DE TRANSFORMATION<\/mark><\/strong><\/p>\n\n\n\n<p class=\"has-text-align-justify has-black-color has-text-color has-link-color wp-elements-b2500646e1d411260bb506d5156e979b\">Positive Transformation .World vous accompagne dans vos <strong>projets\u200b de transformation et r\u00e9ponses aux exigences r\u00e9glementaires<\/strong> (Bilan Carbone, Climat, NZBA, CSRD, SFDR).<\/p>\n\n\n\n<div class=\"wp-block-cover\" style=\"min-height:327px;aspect-ratio:unset;\"><img fetchpriority=\"high\" decoding=\"async\" width=\"608\" height=\"342\" class=\"wp-block-cover__image-background wp-image-2608\" alt=\"\" src=\"https:\/\/positivetransformation.world\/wp-content\/uploads\/2023\/11\/Image5-edited.png\" data-object-fit=\"cover\" srcset=\"https:\/\/positivetransformation.world\/wp-content\/uploads\/2023\/11\/Image5-edited.png 608w, https:\/\/positivetransformation.world\/wp-content\/uploads\/2023\/11\/Image5-edited-300x169.png 300w\" sizes=\"(max-width: 608px) 100vw, 608px\" \/><span aria-hidden=\"true\" class=\"wp-block-cover__background has-background-dim\"><\/span><div class=\"wp-block-cover__inner-container is-layout-flow wp-block-cover-is-layout-flow\">\n<p class=\"has-text-align-left has-large-font-size\">Conformit\u00e9 aux exigences r\u00e8glementaires <\/p>\n\n\n\n<p class=\"has-text-align-left has-large-font-size\">R\u00e9silience <\/p>\n\n\n\n<p class=\"has-text-align-left has-large-font-size\">Saisie des opportunit\u00e9s<\/p>\n<\/div><\/div>\n\n\n\n<blockquote class=\"wp-block-quote has-black-color has-text-color has-link-color wp-elements-768b86911197e6d7ec790bb72b4d47a1 is-layout-flow wp-block-quote-is-layout-flow\">\n<p class=\"has-text-align-justify\">La RSE contribue \u00e0 la transition \u00e9cologique et \u00e0 la transformation sociale en invitant au d\u00e9veloppement de nouveaux mod\u00e8les et de nouvelles pratiques, \u00e0 la fois plus respectueux de l\u2019environnement et plus inclusifs. La mobilisation des entreprises et la prise en compte des enjeux environnementaux et sociaux dans leur strat\u00e9gie RSE est un \u00e9l\u00e9ment capital pour le succ\u00e8s des objectifs de d\u00e9veloppement durable (ODD) adopt\u00e9s par les Nations unies.<\/p>\n<cite><a href=\"https:\/\/www.strategie.gouv.fr\/publications\/rse-demarche-de-dialogue-levier-de-transformation-contribution-de-plateforme-rse\">La RSE, d\u00e9marche de dialogue et levier de transformation : contribution de la Plateforme RSE | France Strat\u00e9gie (strategie.gouv.fr)<\/a><\/cite><\/blockquote>\n\n\n\n<p class=\"has-vivid-cyan-blue-color has-text-color has-link-color wp-elements-35730f05a0a04f38e9583915d1907636\" style=\"font-size:20px\"><strong>=&gt; Engagement des PME<\/strong><\/p>\n\n\n\n<p class=\"has-text-align-justify has-black-color has-text-color has-link-color wp-elements-d57558ada53085288411ca08fde13289\" style=\"font-size:16px\">Nous accompagnons les PME \u00e0 une transformation RSE via une certification, des projets \u00e0 impacts positifs et rentables, et des r\u00e9ponses aux exigences r\u00e8glementaires ; autrement dit vers des pratiques \u00e9thiques et responsables.<\/p>\n\n\n\n<p class=\"has-text-align-justify has-black-color has-text-color has-link-color wp-elements-5d3375e3209e168acf715782d7859560\"><img decoding=\"async\" width=\"50\" height=\"50\" class=\"wp-image-2619\" style=\"width: 50px;\" src=\"https:\/\/positivetransformation.world\/wp-content\/uploads\/2023\/11\/Logo-normal-PME-plus.webp\" alt=\"\" srcset=\"https:\/\/positivetransformation.world\/wp-content\/uploads\/2023\/11\/Logo-normal-PME-plus.webp 300w, https:\/\/positivetransformation.world\/wp-content\/uploads\/2023\/11\/Logo-normal-PME-plus-150x150.webp 150w\" sizes=\"(max-width: 50px) 100vw, 50px\" \/>A travers le <strong>label PME+<\/strong> qui est attribu\u00e9 apr\u00e8s un audit annuel effectu\u00e9 par Ecocert environnement, selon un r\u00e9f\u00e9rentiel inspir\u00e9 de la norme ISO 26000 (RSE).<\/p>\n\n\n\n<p class=\"has-black-color has-text-color has-link-color wp-elements-7572a86f58b9cc9245bb888268ad8e3c\"><img decoding=\"async\" width=\"50\" height=\"51\" class=\"wp-image-3407\" style=\"width: 50px;\" src=\"https:\/\/positivetransformation.world\/wp-content\/uploads\/2026\/04\/Logo-Label-engage-RSE-Afnor.png\" alt=\"\">A travers le <strong>label Engag\u00e9 RSE<\/strong>, attribu\u00e9 par l&rsquo;Afnor Certification, nous sommes \u00ab\u00a0r\u00e9f\u00e9rent\u00a0\u00bb selon un r\u00e9f\u00e9rentiel constitu\u00e9 de 55 crit\u00e8res d&rsquo;\u00e9valuation r\u00e9partis en 8 chapitres align\u00e9s sur les principes de la norme ISO 26000.<\/p>\n\n\n\n<p class=\"has-black-color has-text-color has-link-color wp-elements-f0ee3b800a26a45574adb52bb74f67c3\"><img loading=\"lazy\" decoding=\"async\" width=\"30\" height=\"40\" class=\"wp-image-869\" style=\"width: 30px;\" src=\"https:\/\/positivetransformation.world\/wp-content\/uploads\/2022\/05\/Image9.jpg\" alt=\"\"> Vous souhaitez&nbsp;<em><a href=\"https:\/\/positivetransformation.world\/index.php\/nous-joindre\/\"><span class=\"highlight\"><mark style=\"background-color:rgba(0, 0, 0, 0)\" class=\"has-inline-color has-vivid-cyan-blue-color\">nous joindre<\/mark><\/span><\/a><\/em><\/p>\n\n\n\n<p><\/p>\n","protected":false},"excerpt":{"rendered":"<p>PROJETS DE TRANSFORMATION Positive Transformation .World vous accompagne dans vos projets\u200b de transformation et r\u00e9ponses aux exigences r\u00e9glementaires (Bilan Carbone, Climat, NZBA, CSRD, SFDR). La&hellip;<\/p>\n","protected":false},"author":1,"featured_media":0,"parent":0,"menu_order":0,"comment_status":"closed","ping_status":"closed","template":"","meta":{"_themeisle_gutenberg_block_has_review":false,"footnotes":""},"class_list":["post-2607","page","type-page","status-publish","hentry"],"yoast_head":"<!-- This site is optimized with the Yoast SEO plugin v27.5 - https:\/\/yoast.com\/product\/yoast-seo-wordpress\/ -->\n<title>Projets de transformation - Positive Transformation .World<\/title>\n<meta name=\"robots\" content=\"index, follow, max-snippet:-1, max-image-preview:large, max-video-preview:-1\" \/>\n<link rel=\"canonical\" href=\"https:\/\/positivetransformation.world\/index.php\/projets-de-transformation\/\" \/>\n<meta property=\"og:locale\" content=\"fr_FR\" \/>\n<meta property=\"og:type\" content=\"article\" \/>\n<meta property=\"og:title\" content=\"Projets de transformation - Positive Transformation .World\" \/>\n<meta property=\"og:description\" content=\"PROJETS DE TRANSFORMATION Positive Transformation .World vous accompagne dans vos projets\u200b de transformation et r\u00e9ponses aux exigences r\u00e9glementaires (Bilan Carbone, Climat, NZBA, CSRD, SFDR). La&hellip;\" \/>\n<meta property=\"og:url\" content=\"https:\/\/positivetransformation.world\/index.php\/projets-de-transformation\/\" \/>\n<meta property=\"og:site_name\" content=\"Positive Transformation .World\" \/>\n<meta property=\"article:modified_time\" content=\"2026-04-28T09:00:06+00:00\" \/>\n<meta property=\"og:image\" content=\"https:\/\/positivetransformation.world\/wp-content\/uploads\/2023\/11\/Image5-edited.png\" \/>\n\t<meta property=\"og:image:width\" content=\"608\" \/>\n\t<meta property=\"og:image:height\" content=\"342\" \/>\n\t<meta property=\"og:image:type\" content=\"image\/png\" \/>\n<meta name=\"twitter:card\" content=\"summary_large_image\" \/>\n<meta name=\"twitter:label1\" content=\"Dur\u00e9e de lecture estim\u00e9e\" \/>\n\t<meta name=\"twitter:data1\" content=\"2 minutes\" \/>\n<script type=\"application\/ld+json\" class=\"yoast-schema-graph\">{\"@context\":\"https:\\\/\\\/schema.org\",\"@graph\":[{\"@type\":\"WebPage\",\"@id\":\"https:\\\/\\\/positivetransformation.world\\\/index.php\\\/projets-de-transformation\\\/\",\"url\":\"https:\\\/\\\/positivetransformation.world\\\/index.php\\\/projets-de-transformation\\\/\",\"name\":\"Projets de transformation - Positive Transformation .World\",\"isPartOf\":{\"@id\":\"https:\\\/\\\/positivetransformation.world\\\/#website\"},\"primaryImageOfPage\":{\"@id\":\"https:\\\/\\\/positivetransformation.world\\\/index.php\\\/projets-de-transformation\\\/#primaryimage\"},\"image\":{\"@id\":\"https:\\\/\\\/positivetransformation.world\\\/index.php\\\/projets-de-transformation\\\/#primaryimage\"},\"thumbnailUrl\":\"https:\\\/\\\/positivetransformation.world\\\/wp-content\\\/uploads\\\/2023\\\/11\\\/Image5-edited.png\",\"datePublished\":\"2023-11-23T08:45:52+00:00\",\"dateModified\":\"2026-04-28T09:00:06+00:00\",\"breadcrumb\":{\"@id\":\"https:\\\/\\\/positivetransformation.world\\\/index.php\\\/projets-de-transformation\\\/#breadcrumb\"},\"inLanguage\":\"fr-FR\",\"potentialAction\":[{\"@type\":\"ReadAction\",\"target\":[\"https:\\\/\\\/positivetransformation.world\\\/index.php\\\/projets-de-transformation\\\/\"]}]},{\"@type\":\"ImageObject\",\"inLanguage\":\"fr-FR\",\"@id\":\"https:\\\/\\\/positivetransformation.world\\\/index.php\\\/projets-de-transformation\\\/#primaryimage\",\"url\":\"https:\\\/\\\/positivetransformation.world\\\/wp-content\\\/uploads\\\/2023\\\/11\\\/Image5-edited.png\",\"contentUrl\":\"https:\\\/\\\/positivetransformation.world\\\/wp-content\\\/uploads\\\/2023\\\/11\\\/Image5-edited.png\",\"width\":608,\"height\":342},{\"@type\":\"BreadcrumbList\",\"@id\":\"https:\\\/\\\/positivetransformation.world\\\/index.php\\\/projets-de-transformation\\\/#breadcrumb\",\"itemListElement\":[{\"@type\":\"ListItem\",\"position\":1,\"name\":\"Home\",\"item\":\"https:\\\/\\\/positivetransformation.world\\\/\"},{\"@type\":\"ListItem\",\"position\":2,\"name\":\"Projets de transformation\"}]},{\"@type\":\"WebSite\",\"@id\":\"https:\\\/\\\/positivetransformation.world\\\/#website\",\"url\":\"https:\\\/\\\/positivetransformation.world\\\/\",\"name\":\"Positive Transformation .World\",\"description\":\"D\u00e9veloppement durable\",\"publisher\":{\"@id\":\"https:\\\/\\\/positivetransformation.world\\\/#organization\"},\"potentialAction\":[{\"@type\":\"SearchAction\",\"target\":{\"@type\":\"EntryPoint\",\"urlTemplate\":\"https:\\\/\\\/positivetransformation.world\\\/?s={search_term_string}\"},\"query-input\":{\"@type\":\"PropertyValueSpecification\",\"valueRequired\":true,\"valueName\":\"search_term_string\"}}],\"inLanguage\":\"fr-FR\"},{\"@type\":\"Organization\",\"@id\":\"https:\\\/\\\/positivetransformation.world\\\/#organization\",\"name\":\"Positive Transformation .World\",\"url\":\"https:\\\/\\\/positivetransformation.world\\\/\",\"logo\":{\"@type\":\"ImageObject\",\"inLanguage\":\"fr-FR\",\"@id\":\"https:\\\/\\\/positivetransformation.world\\\/#\\\/schema\\\/logo\\\/image\\\/\",\"url\":\"https:\\\/\\\/positivetransformation.world\\\/wp-content\\\/uploads\\\/2022\\\/02\\\/ImageVF.png\",\"contentUrl\":\"https:\\\/\\\/positivetransformation.world\\\/wp-content\\\/uploads\\\/2022\\\/02\\\/ImageVF.png\",\"width\":170,\"height\":172,\"caption\":\"Positive Transformation .World\"},\"image\":{\"@id\":\"https:\\\/\\\/positivetransformation.world\\\/#\\\/schema\\\/logo\\\/image\\\/\"}}]}<\/script>\n<!-- \/ Yoast SEO plugin. -->","yoast_head_json":{"title":"Projets de transformation - Positive Transformation .World","robots":{"index":"index","follow":"follow","max-snippet":"max-snippet:-1","max-image-preview":"max-image-preview:large","max-video-preview":"max-video-preview:-1"},"canonical":"https:\/\/positivetransformation.world\/index.php\/projets-de-transformation\/","og_locale":"fr_FR","og_type":"article","og_title":"Projets de transformation - Positive Transformation .World","og_description":"PROJETS DE TRANSFORMATION Positive Transformation .World vous accompagne dans vos projets\u200b de transformation et r\u00e9ponses aux exigences r\u00e9glementaires (Bilan Carbone, Climat, NZBA, CSRD, SFDR). La&hellip;","og_url":"https:\/\/positivetransformation.world\/index.php\/projets-de-transformation\/","og_site_name":"Positive Transformation .World","article_modified_time":"2026-04-28T09:00:06+00:00","og_image":[{"width":608,"height":342,"url":"https:\/\/positivetransformation.world\/wp-content\/uploads\/2023\/11\/Image5-edited.png","type":"image\/png"}],"twitter_card":"summary_large_image","twitter_misc":{"Dur\u00e9e de lecture estim\u00e9e":"2 minutes"},"schema":{"@context":"https:\/\/schema.org","@graph":[{"@type":"WebPage","@id":"https:\/\/positivetransformation.world\/index.php\/projets-de-transformation\/","url":"https:\/\/positivetransformation.world\/index.php\/projets-de-transformation\/","name":"Projets de transformation - Positive Transformation .World","isPartOf":{"@id":"https:\/\/positivetransformation.world\/#website"},"primaryImageOfPage":{"@id":"https:\/\/positivetransformation.world\/index.php\/projets-de-transformation\/#primaryimage"},"image":{"@id":"https:\/\/positivetransformation.world\/index.php\/projets-de-transformation\/#primaryimage"},"thumbnailUrl":"https:\/\/positivetransformation.world\/wp-content\/uploads\/2023\/11\/Image5-edited.png","datePublished":"2023-11-23T08:45:52+00:00","dateModified":"2026-04-28T09:00:06+00:00","breadcrumb":{"@id":"https:\/\/positivetransformation.world\/index.php\/projets-de-transformation\/#breadcrumb"},"inLanguage":"fr-FR","potentialAction":[{"@type":"ReadAction","target":["https:\/\/positivetransformation.world\/index.php\/projets-de-transformation\/"]}]},{"@type":"ImageObject","inLanguage":"fr-FR","@id":"https:\/\/positivetransformation.world\/index.php\/projets-de-transformation\/#primaryimage","url":"https:\/\/positivetransformation.world\/wp-content\/uploads\/2023\/11\/Image5-edited.png","contentUrl":"https:\/\/positivetransformation.world\/wp-content\/uploads\/2023\/11\/Image5-edited.png","width":608,"height":342},{"@type":"BreadcrumbList","@id":"https:\/\/positivetransformation.world\/index.php\/projets-de-transformation\/#breadcrumb","itemListElement":[{"@type":"ListItem","position":1,"name":"Home","item":"https:\/\/positivetransformation.world\/"},{"@type":"ListItem","position":2,"name":"Projets de transformation"}]},{"@type":"WebSite","@id":"https:\/\/positivetransformation.world\/#website","url":"https:\/\/positivetransformation.world\/","name":"Positive Transformation .World","description":"D\u00e9veloppement durable","publisher":{"@id":"https:\/\/positivetransformation.world\/#organization"},"potentialAction":[{"@type":"SearchAction","target":{"@type":"EntryPoint","urlTemplate":"https:\/\/positivetransformation.world\/?s={search_term_string}"},"query-input":{"@type":"PropertyValueSpecification","valueRequired":true,"valueName":"search_term_string"}}],"inLanguage":"fr-FR"},{"@type":"Organization","@id":"https:\/\/positivetransformation.world\/#organization","name":"Positive Transformation .World","url":"https:\/\/positivetransformation.world\/","logo":{"@type":"ImageObject","inLanguage":"fr-FR","@id":"https:\/\/positivetransformation.world\/#\/schema\/logo\/image\/","url":"https:\/\/positivetransformation.world\/wp-content\/uploads\/2022\/02\/ImageVF.png","contentUrl":"https:\/\/positivetransformation.world\/wp-content\/uploads\/2022\/02\/ImageVF.png","width":170,"height":172,"caption":"Positive Transformation .World"},"image":{"@id":"https:\/\/positivetransformation.world\/#\/schema\/logo\/image\/"}}]}},"jetpack_sharing_enabled":true,"_links":{"self":[{"href":"https:\/\/positivetransformation.world\/index.php\/wp-json\/wp\/v2\/pages\/2607","targetHints":{"allow":["GET"]}}],"collection":[{"href":"https:\/\/positivetransformation.world\/index.php\/wp-json\/wp\/v2\/pages"}],"about":[{"href":"https:\/\/positivetransformation.world\/index.php\/wp-json\/wp\/v2\/types\/page"}],"author":[{"embeddable":true,"href":"https:\/\/positivetransformation.world\/index.php\/wp-json\/wp\/v2\/users\/1"}],"replies":[{"embeddable":true,"href":"https:\/\/positivetransformation.world\/index.php\/wp-json\/wp\/v2\/comments?post=2607"}],"version-history":[{"count":0,"href":"https:\/\/positivetransformation.world\/index.php\/wp-json\/wp\/v2\/pages\/2607\/revisions"}],"wp:attachment":[{"href":"https:\/\/positivetransformation.world\/index.php\/wp-json\/wp\/v2\/media?parent=2607"}],"curies":[{"name":"wp","href":"https:\/\/api.w.org\/{rel}","templated":true}]}}