{"id":2065,"date":"2023-01-17T16:05:53","date_gmt":"2023-01-17T15:05:53","guid":{"rendered":"https:\/\/positivetransformation.world\/?page_id=2065"},"modified":"2024-03-07T14:28:30","modified_gmt":"2024-03-07T13:28:30","slug":"offre-de-services","status":"publish","type":"page","link":"https:\/\/positivetransformation.world\/index.php\/offre-de-services\/","title":{"rendered":"Offre de services"},"content":{"rendered":"\n<p class=\"has-vivid-cyan-blue-color has-text-color has-medium-font-size\"><strong><o-anim-typing>OFFRE DE SERVICES<\/o-anim-typing><\/strong><\/p>\n\n\n\n<p class=\"has-text-align-justify has-black-color has-text-color\"><img decoding=\"async\" width=\"50\" height=\"50\" class=\"wp-image-297\" style=\"width: 50px;\" src=\"https:\/\/positivetransformation.world\/wp-content\/uploads\/2022\/02\/logoPPP-1.png\" alt=\"\" srcset=\"https:\/\/positivetransformation.world\/wp-content\/uploads\/2022\/02\/logoPPP-1.png 175w, https:\/\/positivetransformation.world\/wp-content\/uploads\/2022\/02\/logoPPP-1-150x150.png 150w\" sizes=\"(max-width: 50px) 100vw, 50px\" \/>Positive Transformation .World vous accompagne \u00e0 la conduite du changement et \u00e0 la mont\u00e9e en comp\u00e9tences<\/p>\n\n\n\n<p class=\"has-text-align-center has-black-color has-text-color\"><img decoding=\"async\" width=\"50\" height=\"79\" class=\"wp-image-917\" style=\"width: 50px;\" src=\"https:\/\/positivetransformation.world\/wp-content\/uploads\/2022\/05\/Image1.jpg\" alt=\"\" srcset=\"https:\/\/positivetransformation.world\/wp-content\/uploads\/2022\/05\/Image1.jpg 349w, https:\/\/positivetransformation.world\/wp-content\/uploads\/2022\/05\/Image1-189x300.jpg 189w\" sizes=\"(max-width: 50px) 100vw, 50px\" \/> Objectif : <strong>prouver votre engagement et contribuer effectivement au d\u00e9veloppement durable<\/strong><\/p>\n\n\n\n<p class=\"has-vivid-cyan-blue-color has-text-color\" style=\"font-size:20px\"><strong>CATALOGUE DE FORMATIONS RSE<\/strong><\/p>\n\n\n\n<p class=\"has-text-align-justify has-black-color has-text-color\">Ces formations permettent \u00e0 vos collaborateurs de <strong>mieux comprendre les concepts d\u00e9di\u00e9s (ODD, Taxonomie Europ\u00e9enne, Bilan Carbone, Approche People Planet Profit, DPEF, CSRD) et de les mettre en \u0153uvre<\/strong><\/p>\n\n\n\n<p class=\"has-black-color has-text-color\"><img decoding=\"async\" width=\"30\" height=\"25\" class=\"wp-image-961\" style=\"width: 30px;\" src=\"https:\/\/positivetransformation.world\/wp-content\/uploads\/2022\/06\/dossier.png\" alt=\"\" srcset=\"https:\/\/positivetransformation.world\/wp-content\/uploads\/2022\/06\/dossier.png 308w, https:\/\/positivetransformation.world\/wp-content\/uploads\/2022\/06\/dossier-300x253.png 300w\" sizes=\"(max-width: 30px) 100vw, 30px\" \/> <a href=\"https:\/\/positivetransformation.world\/wp-content\/uploads\/2024\/03\/Catalogue-de-formations-RSE_PTW_2024-03-07.pptx.pdf\" target=\"_blank\" rel=\"noreferrer noopener\">Cf. Catalogue de formations RSE<\/a><\/p>\n","protected":false},"excerpt":{"rendered":"<p>OFFRE DE SERVICES Positive Transformation .World vous accompagne \u00e0 la conduite du changement et \u00e0 la mont\u00e9e en comp\u00e9tences Objectif : prouver votre engagement et&hellip;<\/p>\n","protected":false},"author":1,"featured_media":0,"parent":0,"menu_order":0,"comment_status":"closed","ping_status":"closed","template":"","meta":{"_themeisle_gutenberg_block_has_review":false,"footnotes":""},"class_list":["post-2065","page","type-page","status-publish","hentry"],"yoast_head":"<!-- This site is optimized with the Yoast SEO plugin v27.3 - https:\/\/yoast.com\/product\/yoast-seo-wordpress\/ -->\n<title>Offre de services - Positive Transformation .World<\/title>\n<meta name=\"robots\" content=\"index, follow, max-snippet:-1, max-image-preview:large, max-video-preview:-1\" \/>\n<link rel=\"canonical\" href=\"https:\/\/positivetransformation.world\/index.php\/offre-de-services\/\" \/>\n<meta property=\"og:locale\" content=\"fr_FR\" \/>\n<meta property=\"og:type\" content=\"article\" \/>\n<meta property=\"og:title\" content=\"Offre de services - Positive Transformation .World\" \/>\n<meta property=\"og:description\" content=\"OFFRE DE SERVICES Positive Transformation .World vous accompagne \u00e0 la conduite du changement et \u00e0 la mont\u00e9e en comp\u00e9tences Objectif : prouver votre engagement et&hellip;\" \/>\n<meta property=\"og:url\" content=\"https:\/\/positivetransformation.world\/index.php\/offre-de-services\/\" \/>\n<meta property=\"og:site_name\" content=\"Positive Transformation .World\" \/>\n<meta property=\"article:modified_time\" content=\"2024-03-07T13:28:30+00:00\" \/>\n<meta property=\"og:image\" content=\"https:\/\/positivetransformation.world\/wp-content\/uploads\/2022\/02\/logoPPP-1.png\" \/>\n<meta name=\"twitter:card\" content=\"summary_large_image\" \/>\n<meta name=\"twitter:label1\" content=\"Dur\u00e9e de lecture estim\u00e9e\" \/>\n\t<meta name=\"twitter:data1\" content=\"1 minute\" \/>\n<script type=\"application\/ld+json\" class=\"yoast-schema-graph\">{\"@context\":\"https:\\\/\\\/schema.org\",\"@graph\":[{\"@type\":\"WebPage\",\"@id\":\"https:\\\/\\\/positivetransformation.world\\\/index.php\\\/offre-de-services\\\/\",\"url\":\"https:\\\/\\\/positivetransformation.world\\\/index.php\\\/offre-de-services\\\/\",\"name\":\"Offre de services - Positive Transformation .World\",\"isPartOf\":{\"@id\":\"https:\\\/\\\/positivetransformation.world\\\/#website\"},\"primaryImageOfPage\":{\"@id\":\"https:\\\/\\\/positivetransformation.world\\\/index.php\\\/offre-de-services\\\/#primaryimage\"},\"image\":{\"@id\":\"https:\\\/\\\/positivetransformation.world\\\/index.php\\\/offre-de-services\\\/#primaryimage\"},\"thumbnailUrl\":\"https:\\\/\\\/positivetransformation.world\\\/wp-content\\\/uploads\\\/2022\\\/02\\\/logoPPP-1.png\",\"datePublished\":\"2023-01-17T15:05:53+00:00\",\"dateModified\":\"2024-03-07T13:28:30+00:00\",\"breadcrumb\":{\"@id\":\"https:\\\/\\\/positivetransformation.world\\\/index.php\\\/offre-de-services\\\/#breadcrumb\"},\"inLanguage\":\"fr-FR\",\"potentialAction\":[{\"@type\":\"ReadAction\",\"target\":[\"https:\\\/\\\/positivetransformation.world\\\/index.php\\\/offre-de-services\\\/\"]}]},{\"@type\":\"ImageObject\",\"inLanguage\":\"fr-FR\",\"@id\":\"https:\\\/\\\/positivetransformation.world\\\/index.php\\\/offre-de-services\\\/#primaryimage\",\"url\":\"https:\\\/\\\/positivetransformation.world\\\/wp-content\\\/uploads\\\/2022\\\/02\\\/logoPPP-1.png\",\"contentUrl\":\"https:\\\/\\\/positivetransformation.world\\\/wp-content\\\/uploads\\\/2022\\\/02\\\/logoPPP-1.png\",\"width\":175,\"height\":174},{\"@type\":\"BreadcrumbList\",\"@id\":\"https:\\\/\\\/positivetransformation.world\\\/index.php\\\/offre-de-services\\\/#breadcrumb\",\"itemListElement\":[{\"@type\":\"ListItem\",\"position\":1,\"name\":\"Home\",\"item\":\"https:\\\/\\\/positivetransformation.world\\\/\"},{\"@type\":\"ListItem\",\"position\":2,\"name\":\"Offre de services\"}]},{\"@type\":\"WebSite\",\"@id\":\"https:\\\/\\\/positivetransformation.world\\\/#website\",\"url\":\"https:\\\/\\\/positivetransformation.world\\\/\",\"name\":\"Positive Transformation .World\",\"description\":\"D\u00e9veloppement durable\",\"publisher\":{\"@id\":\"https:\\\/\\\/positivetransformation.world\\\/#organization\"},\"potentialAction\":[{\"@type\":\"SearchAction\",\"target\":{\"@type\":\"EntryPoint\",\"urlTemplate\":\"https:\\\/\\\/positivetransformation.world\\\/?s={search_term_string}\"},\"query-input\":{\"@type\":\"PropertyValueSpecification\",\"valueRequired\":true,\"valueName\":\"search_term_string\"}}],\"inLanguage\":\"fr-FR\"},{\"@type\":\"Organization\",\"@id\":\"https:\\\/\\\/positivetransformation.world\\\/#organization\",\"name\":\"Positive Transformation .World\",\"url\":\"https:\\\/\\\/positivetransformation.world\\\/\",\"logo\":{\"@type\":\"ImageObject\",\"inLanguage\":\"fr-FR\",\"@id\":\"https:\\\/\\\/positivetransformation.world\\\/#\\\/schema\\\/logo\\\/image\\\/\",\"url\":\"https:\\\/\\\/positivetransformation.world\\\/wp-content\\\/uploads\\\/2022\\\/02\\\/ImageVF.png\",\"contentUrl\":\"https:\\\/\\\/positivetransformation.world\\\/wp-content\\\/uploads\\\/2022\\\/02\\\/ImageVF.png\",\"width\":170,\"height\":172,\"caption\":\"Positive Transformation .World\"},\"image\":{\"@id\":\"https:\\\/\\\/positivetransformation.world\\\/#\\\/schema\\\/logo\\\/image\\\/\"}}]}<\/script>\n<!-- \/ Yoast SEO plugin. -->","yoast_head_json":{"title":"Offre de services - Positive Transformation .World","robots":{"index":"index","follow":"follow","max-snippet":"max-snippet:-1","max-image-preview":"max-image-preview:large","max-video-preview":"max-video-preview:-1"},"canonical":"https:\/\/positivetransformation.world\/index.php\/offre-de-services\/","og_locale":"fr_FR","og_type":"article","og_title":"Offre de services - Positive Transformation .World","og_description":"OFFRE DE SERVICES Positive Transformation .World vous accompagne \u00e0 la conduite du changement et \u00e0 la mont\u00e9e en comp\u00e9tences Objectif : prouver votre engagement et&hellip;","og_url":"https:\/\/positivetransformation.world\/index.php\/offre-de-services\/","og_site_name":"Positive Transformation .World","article_modified_time":"2024-03-07T13:28:30+00:00","og_image":[{"url":"https:\/\/positivetransformation.world\/wp-content\/uploads\/2022\/02\/logoPPP-1.png","type":"","width":"","height":""}],"twitter_card":"summary_large_image","twitter_misc":{"Dur\u00e9e de lecture estim\u00e9e":"1 minute"},"schema":{"@context":"https:\/\/schema.org","@graph":[{"@type":"WebPage","@id":"https:\/\/positivetransformation.world\/index.php\/offre-de-services\/","url":"https:\/\/positivetransformation.world\/index.php\/offre-de-services\/","name":"Offre de services - Positive Transformation .World","isPartOf":{"@id":"https:\/\/positivetransformation.world\/#website"},"primaryImageOfPage":{"@id":"https:\/\/positivetransformation.world\/index.php\/offre-de-services\/#primaryimage"},"image":{"@id":"https:\/\/positivetransformation.world\/index.php\/offre-de-services\/#primaryimage"},"thumbnailUrl":"https:\/\/positivetransformation.world\/wp-content\/uploads\/2022\/02\/logoPPP-1.png","datePublished":"2023-01-17T15:05:53+00:00","dateModified":"2024-03-07T13:28:30+00:00","breadcrumb":{"@id":"https:\/\/positivetransformation.world\/index.php\/offre-de-services\/#breadcrumb"},"inLanguage":"fr-FR","potentialAction":[{"@type":"ReadAction","target":["https:\/\/positivetransformation.world\/index.php\/offre-de-services\/"]}]},{"@type":"ImageObject","inLanguage":"fr-FR","@id":"https:\/\/positivetransformation.world\/index.php\/offre-de-services\/#primaryimage","url":"https:\/\/positivetransformation.world\/wp-content\/uploads\/2022\/02\/logoPPP-1.png","contentUrl":"https:\/\/positivetransformation.world\/wp-content\/uploads\/2022\/02\/logoPPP-1.png","width":175,"height":174},{"@type":"BreadcrumbList","@id":"https:\/\/positivetransformation.world\/index.php\/offre-de-services\/#breadcrumb","itemListElement":[{"@type":"ListItem","position":1,"name":"Home","item":"https:\/\/positivetransformation.world\/"},{"@type":"ListItem","position":2,"name":"Offre de services"}]},{"@type":"WebSite","@id":"https:\/\/positivetransformation.world\/#website","url":"https:\/\/positivetransformation.world\/","name":"Positive Transformation .World","description":"D\u00e9veloppement durable","publisher":{"@id":"https:\/\/positivetransformation.world\/#organization"},"potentialAction":[{"@type":"SearchAction","target":{"@type":"EntryPoint","urlTemplate":"https:\/\/positivetransformation.world\/?s={search_term_string}"},"query-input":{"@type":"PropertyValueSpecification","valueRequired":true,"valueName":"search_term_string"}}],"inLanguage":"fr-FR"},{"@type":"Organization","@id":"https:\/\/positivetransformation.world\/#organization","name":"Positive Transformation .World","url":"https:\/\/positivetransformation.world\/","logo":{"@type":"ImageObject","inLanguage":"fr-FR","@id":"https:\/\/positivetransformation.world\/#\/schema\/logo\/image\/","url":"https:\/\/positivetransformation.world\/wp-content\/uploads\/2022\/02\/ImageVF.png","contentUrl":"https:\/\/positivetransformation.world\/wp-content\/uploads\/2022\/02\/ImageVF.png","width":170,"height":172,"caption":"Positive Transformation .World"},"image":{"@id":"https:\/\/positivetransformation.world\/#\/schema\/logo\/image\/"}}]}},"jetpack_sharing_enabled":true,"_links":{"self":[{"href":"https:\/\/positivetransformation.world\/index.php\/wp-json\/wp\/v2\/pages\/2065","targetHints":{"allow":["GET"]}}],"collection":[{"href":"https:\/\/positivetransformation.world\/index.php\/wp-json\/wp\/v2\/pages"}],"about":[{"href":"https:\/\/positivetransformation.world\/index.php\/wp-json\/wp\/v2\/types\/page"}],"author":[{"embeddable":true,"href":"https:\/\/positivetransformation.world\/index.php\/wp-json\/wp\/v2\/users\/1"}],"replies":[{"embeddable":true,"href":"https:\/\/positivetransformation.world\/index.php\/wp-json\/wp\/v2\/comments?post=2065"}],"version-history":[{"count":0,"href":"https:\/\/positivetransformation.world\/index.php\/wp-json\/wp\/v2\/pages\/2065\/revisions"}],"wp:attachment":[{"href":"https:\/\/positivetransformation.world\/index.php\/wp-json\/wp\/v2\/media?parent=2065"}],"curies":[{"name":"wp","href":"https:\/\/api.w.org\/{rel}","templated":true}]}}