{"id":1829,"date":"2022-09-12T15:20:09","date_gmt":"2022-09-12T13:20:09","guid":{"rendered":"https:\/\/positivetransformation.world\/?page_id=1829"},"modified":"2025-09-17T16:51:18","modified_gmt":"2025-09-17T14:51:18","slug":"newsletter","status":"publish","type":"page","link":"https:\/\/positivetransformation.world\/index.php\/newsletter\/","title":{"rendered":"Newsletter"},"content":{"rendered":"\n<p class=\"has-vivid-cyan-blue-color has-text-color has-medium-font-size\"><strong><mark style=\"background-color:#0693e3\" class=\"has-inline-color has-white-color\">NEWSLETTER<\/mark><\/strong><\/p>\n\n\n\n<p class=\"has-black-color has-text-color\"><strong>09\/2022 : Newsletter #1<\/strong><\/p>\n\n\n<div class=\"wp-block-image\">\n<figure class=\"aligncenter size-full is-resized\"><a href=\"https:\/\/positivetransformation.world\/index.php\/landingpage\/landing-page-newsletter-1\/\" target=\"_blank\" rel=\"noreferrer noopener\"><img fetchpriority=\"high\" decoding=\"async\" width=\"828\" height=\"298\" src=\"https:\/\/positivetransformation.world\/wp-content\/uploads\/2022\/09\/NL2-Capture-decran-2022-09-12-120955.png\" alt=\"\" class=\"wp-image-1822\" style=\"width:595px;height:214px\" srcset=\"https:\/\/positivetransformation.world\/wp-content\/uploads\/2022\/09\/NL2-Capture-decran-2022-09-12-120955.png 828w, https:\/\/positivetransformation.world\/wp-content\/uploads\/2022\/09\/NL2-Capture-decran-2022-09-12-120955-300x108.png 300w, https:\/\/positivetransformation.world\/wp-content\/uploads\/2022\/09\/NL2-Capture-decran-2022-09-12-120955-768x276.png 768w\" sizes=\"(max-width: 828px) 100vw, 828px\" \/><\/a><\/figure>\n<\/div>\n\n\n<p class=\"has-black-color has-text-color\">Lancement de notre Newsletter Positive Transformation .World. <\/p>\n\n\n\n<p class=\"has-black-color has-text-color\">Le bulletin d&rsquo;information de la RSE \u00e0 Impact Positif.<\/p>\n\n\n\n<p class=\"has-black-color has-text-color\">Retrouvez tous les mois, un sujet cl\u00e9 de la RSE en lien avec les derni\u00e8res actualit\u00e9s et r\u00e8glementations en vigueur, tout comme les prochains \u00e9v\u00e9nements et retours d&rsquo;exp\u00e9rience de nos partenaires.<\/p>\n\n\n\n<p class=\"has-black-color has-text-color has-link-color wp-elements-d9b94175dcf1ae82180b79cdd5c8fd21\"><img decoding=\"async\" width=\"40\" height=\"53\" class=\"wp-image-869\" style=\"width: 40px;\" src=\"https:\/\/positivetransformation.world\/wp-content\/uploads\/2022\/05\/Image9.jpg\" alt=\"\"> Inscription \u00e0 la NEWSLETTER : <em><a href=\"https:\/\/positivetransformation.world\/index.php\/nous-joindre\/\"><span class=\"highlight\"><mark style=\"background-color:rgba(0, 0, 0, 0)\" class=\"has-inline-color has-vivid-cyan-blue-color\">envoyez un mail<\/mark><\/span><\/a><\/em><\/p>\n","protected":false},"excerpt":{"rendered":"<p>NEWSLETTER 09\/2022 : Newsletter #1 Lancement de notre Newsletter Positive Transformation .World. Le bulletin d&rsquo;information de la RSE \u00e0 Impact Positif. Retrouvez tous les mois,&hellip;<\/p>\n","protected":false},"author":1,"featured_media":0,"parent":0,"menu_order":0,"comment_status":"closed","ping_status":"closed","template":"","meta":{"_themeisle_gutenberg_block_has_review":false,"footnotes":""},"class_list":["post-1829","page","type-page","status-publish","hentry"],"yoast_head":"<!-- This site is optimized with the Yoast SEO plugin v27.4 - https:\/\/yoast.com\/product\/yoast-seo-wordpress\/ -->\n<title>Newsletter - Positive Transformation .World<\/title>\n<meta name=\"robots\" content=\"index, follow, max-snippet:-1, max-image-preview:large, max-video-preview:-1\" \/>\n<link rel=\"canonical\" href=\"https:\/\/positivetransformation.world\/index.php\/newsletter\/\" \/>\n<meta property=\"og:locale\" content=\"fr_FR\" \/>\n<meta property=\"og:type\" content=\"article\" \/>\n<meta property=\"og:title\" content=\"Newsletter - Positive Transformation .World\" \/>\n<meta property=\"og:description\" content=\"NEWSLETTER 09\/2022 : Newsletter #1 Lancement de notre Newsletter Positive Transformation .World. Le bulletin d&rsquo;information de la RSE \u00e0 Impact Positif. Retrouvez tous les mois,&hellip;\" \/>\n<meta property=\"og:url\" content=\"https:\/\/positivetransformation.world\/index.php\/newsletter\/\" \/>\n<meta property=\"og:site_name\" content=\"Positive Transformation .World\" \/>\n<meta property=\"article:modified_time\" content=\"2025-09-17T14:51:18+00:00\" \/>\n<meta property=\"og:image\" content=\"https:\/\/positivetransformation.world\/wp-content\/uploads\/2022\/09\/NL2-Capture-decran-2022-09-12-120955.png\" \/>\n\t<meta property=\"og:image:width\" content=\"828\" \/>\n\t<meta property=\"og:image:height\" content=\"298\" \/>\n\t<meta property=\"og:image:type\" content=\"image\/png\" \/>\n<meta name=\"twitter:card\" content=\"summary_large_image\" \/>\n<meta name=\"twitter:label1\" content=\"Dur\u00e9e de lecture estim\u00e9e\" \/>\n\t<meta name=\"twitter:data1\" content=\"1 minute\" \/>\n<script type=\"application\/ld+json\" class=\"yoast-schema-graph\">{\"@context\":\"https:\\\/\\\/schema.org\",\"@graph\":[{\"@type\":\"WebPage\",\"@id\":\"https:\\\/\\\/positivetransformation.world\\\/index.php\\\/newsletter\\\/\",\"url\":\"https:\\\/\\\/positivetransformation.world\\\/index.php\\\/newsletter\\\/\",\"name\":\"Newsletter - Positive Transformation .World\",\"isPartOf\":{\"@id\":\"https:\\\/\\\/positivetransformation.world\\\/#website\"},\"primaryImageOfPage\":{\"@id\":\"https:\\\/\\\/positivetransformation.world\\\/index.php\\\/newsletter\\\/#primaryimage\"},\"image\":{\"@id\":\"https:\\\/\\\/positivetransformation.world\\\/index.php\\\/newsletter\\\/#primaryimage\"},\"thumbnailUrl\":\"https:\\\/\\\/positivetransformation.world\\\/wp-content\\\/uploads\\\/2022\\\/09\\\/NL2-Capture-decran-2022-09-12-120955.png\",\"datePublished\":\"2022-09-12T13:20:09+00:00\",\"dateModified\":\"2025-09-17T14:51:18+00:00\",\"breadcrumb\":{\"@id\":\"https:\\\/\\\/positivetransformation.world\\\/index.php\\\/newsletter\\\/#breadcrumb\"},\"inLanguage\":\"fr-FR\",\"potentialAction\":[{\"@type\":\"ReadAction\",\"target\":[\"https:\\\/\\\/positivetransformation.world\\\/index.php\\\/newsletter\\\/\"]}]},{\"@type\":\"ImageObject\",\"inLanguage\":\"fr-FR\",\"@id\":\"https:\\\/\\\/positivetransformation.world\\\/index.php\\\/newsletter\\\/#primaryimage\",\"url\":\"https:\\\/\\\/positivetransformation.world\\\/wp-content\\\/uploads\\\/2022\\\/09\\\/NL2-Capture-decran-2022-09-12-120955.png\",\"contentUrl\":\"https:\\\/\\\/positivetransformation.world\\\/wp-content\\\/uploads\\\/2022\\\/09\\\/NL2-Capture-decran-2022-09-12-120955.png\",\"width\":828,\"height\":298},{\"@type\":\"BreadcrumbList\",\"@id\":\"https:\\\/\\\/positivetransformation.world\\\/index.php\\\/newsletter\\\/#breadcrumb\",\"itemListElement\":[{\"@type\":\"ListItem\",\"position\":1,\"name\":\"Home\",\"item\":\"https:\\\/\\\/positivetransformation.world\\\/\"},{\"@type\":\"ListItem\",\"position\":2,\"name\":\"Newsletter\"}]},{\"@type\":\"WebSite\",\"@id\":\"https:\\\/\\\/positivetransformation.world\\\/#website\",\"url\":\"https:\\\/\\\/positivetransformation.world\\\/\",\"name\":\"Positive Transformation .World\",\"description\":\"D\u00e9veloppement durable\",\"publisher\":{\"@id\":\"https:\\\/\\\/positivetransformation.world\\\/#organization\"},\"potentialAction\":[{\"@type\":\"SearchAction\",\"target\":{\"@type\":\"EntryPoint\",\"urlTemplate\":\"https:\\\/\\\/positivetransformation.world\\\/?s={search_term_string}\"},\"query-input\":{\"@type\":\"PropertyValueSpecification\",\"valueRequired\":true,\"valueName\":\"search_term_string\"}}],\"inLanguage\":\"fr-FR\"},{\"@type\":\"Organization\",\"@id\":\"https:\\\/\\\/positivetransformation.world\\\/#organization\",\"name\":\"Positive Transformation .World\",\"url\":\"https:\\\/\\\/positivetransformation.world\\\/\",\"logo\":{\"@type\":\"ImageObject\",\"inLanguage\":\"fr-FR\",\"@id\":\"https:\\\/\\\/positivetransformation.world\\\/#\\\/schema\\\/logo\\\/image\\\/\",\"url\":\"https:\\\/\\\/positivetransformation.world\\\/wp-content\\\/uploads\\\/2022\\\/02\\\/ImageVF.png\",\"contentUrl\":\"https:\\\/\\\/positivetransformation.world\\\/wp-content\\\/uploads\\\/2022\\\/02\\\/ImageVF.png\",\"width\":170,\"height\":172,\"caption\":\"Positive Transformation .World\"},\"image\":{\"@id\":\"https:\\\/\\\/positivetransformation.world\\\/#\\\/schema\\\/logo\\\/image\\\/\"}}]}<\/script>\n<!-- \/ Yoast SEO plugin. -->","yoast_head_json":{"title":"Newsletter - Positive Transformation .World","robots":{"index":"index","follow":"follow","max-snippet":"max-snippet:-1","max-image-preview":"max-image-preview:large","max-video-preview":"max-video-preview:-1"},"canonical":"https:\/\/positivetransformation.world\/index.php\/newsletter\/","og_locale":"fr_FR","og_type":"article","og_title":"Newsletter - Positive Transformation .World","og_description":"NEWSLETTER 09\/2022 : Newsletter #1 Lancement de notre Newsletter Positive Transformation .World. Le bulletin d&rsquo;information de la RSE \u00e0 Impact Positif. Retrouvez tous les mois,&hellip;","og_url":"https:\/\/positivetransformation.world\/index.php\/newsletter\/","og_site_name":"Positive Transformation .World","article_modified_time":"2025-09-17T14:51:18+00:00","og_image":[{"width":828,"height":298,"url":"https:\/\/positivetransformation.world\/wp-content\/uploads\/2022\/09\/NL2-Capture-decran-2022-09-12-120955.png","type":"image\/png"}],"twitter_card":"summary_large_image","twitter_misc":{"Dur\u00e9e de lecture estim\u00e9e":"1 minute"},"schema":{"@context":"https:\/\/schema.org","@graph":[{"@type":"WebPage","@id":"https:\/\/positivetransformation.world\/index.php\/newsletter\/","url":"https:\/\/positivetransformation.world\/index.php\/newsletter\/","name":"Newsletter - Positive Transformation .World","isPartOf":{"@id":"https:\/\/positivetransformation.world\/#website"},"primaryImageOfPage":{"@id":"https:\/\/positivetransformation.world\/index.php\/newsletter\/#primaryimage"},"image":{"@id":"https:\/\/positivetransformation.world\/index.php\/newsletter\/#primaryimage"},"thumbnailUrl":"https:\/\/positivetransformation.world\/wp-content\/uploads\/2022\/09\/NL2-Capture-decran-2022-09-12-120955.png","datePublished":"2022-09-12T13:20:09+00:00","dateModified":"2025-09-17T14:51:18+00:00","breadcrumb":{"@id":"https:\/\/positivetransformation.world\/index.php\/newsletter\/#breadcrumb"},"inLanguage":"fr-FR","potentialAction":[{"@type":"ReadAction","target":["https:\/\/positivetransformation.world\/index.php\/newsletter\/"]}]},{"@type":"ImageObject","inLanguage":"fr-FR","@id":"https:\/\/positivetransformation.world\/index.php\/newsletter\/#primaryimage","url":"https:\/\/positivetransformation.world\/wp-content\/uploads\/2022\/09\/NL2-Capture-decran-2022-09-12-120955.png","contentUrl":"https:\/\/positivetransformation.world\/wp-content\/uploads\/2022\/09\/NL2-Capture-decran-2022-09-12-120955.png","width":828,"height":298},{"@type":"BreadcrumbList","@id":"https:\/\/positivetransformation.world\/index.php\/newsletter\/#breadcrumb","itemListElement":[{"@type":"ListItem","position":1,"name":"Home","item":"https:\/\/positivetransformation.world\/"},{"@type":"ListItem","position":2,"name":"Newsletter"}]},{"@type":"WebSite","@id":"https:\/\/positivetransformation.world\/#website","url":"https:\/\/positivetransformation.world\/","name":"Positive Transformation .World","description":"D\u00e9veloppement durable","publisher":{"@id":"https:\/\/positivetransformation.world\/#organization"},"potentialAction":[{"@type":"SearchAction","target":{"@type":"EntryPoint","urlTemplate":"https:\/\/positivetransformation.world\/?s={search_term_string}"},"query-input":{"@type":"PropertyValueSpecification","valueRequired":true,"valueName":"search_term_string"}}],"inLanguage":"fr-FR"},{"@type":"Organization","@id":"https:\/\/positivetransformation.world\/#organization","name":"Positive Transformation .World","url":"https:\/\/positivetransformation.world\/","logo":{"@type":"ImageObject","inLanguage":"fr-FR","@id":"https:\/\/positivetransformation.world\/#\/schema\/logo\/image\/","url":"https:\/\/positivetransformation.world\/wp-content\/uploads\/2022\/02\/ImageVF.png","contentUrl":"https:\/\/positivetransformation.world\/wp-content\/uploads\/2022\/02\/ImageVF.png","width":170,"height":172,"caption":"Positive Transformation .World"},"image":{"@id":"https:\/\/positivetransformation.world\/#\/schema\/logo\/image\/"}}]}},"jetpack_sharing_enabled":true,"_links":{"self":[{"href":"https:\/\/positivetransformation.world\/index.php\/wp-json\/wp\/v2\/pages\/1829","targetHints":{"allow":["GET"]}}],"collection":[{"href":"https:\/\/positivetransformation.world\/index.php\/wp-json\/wp\/v2\/pages"}],"about":[{"href":"https:\/\/positivetransformation.world\/index.php\/wp-json\/wp\/v2\/types\/page"}],"author":[{"embeddable":true,"href":"https:\/\/positivetransformation.world\/index.php\/wp-json\/wp\/v2\/users\/1"}],"replies":[{"embeddable":true,"href":"https:\/\/positivetransformation.world\/index.php\/wp-json\/wp\/v2\/comments?post=1829"}],"version-history":[{"count":0,"href":"https:\/\/positivetransformation.world\/index.php\/wp-json\/wp\/v2\/pages\/1829\/revisions"}],"wp:attachment":[{"href":"https:\/\/positivetransformation.world\/index.php\/wp-json\/wp\/v2\/media?parent=1829"}],"curies":[{"name":"wp","href":"https:\/\/api.w.org\/{rel}","templated":true}]}}